{"id":2953,"date":"2023-11-16T22:46:11","date_gmt":"2023-11-16T21:46:11","guid":{"rendered":"https:\/\/hermes-institut.com\/krisenkongress\/?page_id=2953"},"modified":"2024-01-26T12:22:25","modified_gmt":"2024-01-26T11:22:25","slug":"fast-geschafft","status":"publish","type":"page","link":"https:\/\/hermes-institut.com\/krisenkongress\/fast-geschafft\/","title":{"rendered":"Fast geschafft"},"content":{"rendered":"<section class=\"l-section wpb_row us_custom_c70c97eb height_large full_height valign_center with_img parallax_fixed\"><div class=\"l-section-img\" role=\"img\" data-img-width=\"1920\" data-img-height=\"1080\" style=\"background-image: url(https:\/\/hermes-institut.com\/krisenkongress\/wp-content\/uploads\/2024\/01\/Header-Hg-ohne-Streifen.jpg);background-position: top right;background-repeat: no-repeat;\"><\/div><div class=\"l-section-overlay\" style=\"background:var(--color-alt-content-overlay)\"><\/div><div class=\"l-section-h i-cf\"><div class=\"g-cols vc_row via_grid cols_1 laptops-cols_inherit tablets-cols_inherit mobiles-cols_1 valign_top type_default stacking_default\"><div class=\"wpb_column vc_column_container\"><div class=\"vc_column-inner\"><div class=\"wpb_text_column us_custom_eb849559 overlay-rows\"><div class=\"wpb_wrapper\"><h1 style=\"color: #ffffff\">Ein Schritt fehlt noch!<\/h1>\n<\/div><\/div><div class=\"w-separator size_small\"><\/div><div class=\"wpb_text_column us_custom_eb849559 overlay-rows\"><div class=\"wpb_wrapper\"><p style=\"color: #ffffff\">Um deine Anmeldung abzuschlie\u00dfen, musst du nur noch deine E-Mail-Adresse best\u00e4tigen:<\/p>\n<\/div><\/div><div class=\"w-separator size_medium\"><\/div><div class=\"g-cols wpb_row via_grid cols_3 laptops-cols_inherit tablets-cols_inherit mobiles-cols_1 valign_top type_default stacking_default\" style=\"--gap:1.5rem;\"><div class=\"wpb_column vc_column_container\"><div class=\"vc_column-inner\"><div class=\"w-vwrapper us_custom_d8cf8ecf align_center valign_top\"><div class=\"w-iconbox iconpos_top style_default color_primary align_center\"><div class=\"w-iconbox-icon\" style=\"font-size:3rem;\"><i class=\"fas fa-envelope-open-text\"><\/i><\/div><div class=\"w-iconbox-meta\"><h6 class=\"w-iconbox-title\">\u00d6ffne die Best\u00e4tigungsmail<\/h6><div class=\"w-iconbox-text\"><p>Bei dir sollte eine E-Mail eingetroffen sein. \u00d6ffne diese E-Mail und klicke auf den Link, um deine Anmeldung abzuschlie\u00dfen.<\/p>\n<\/div><\/div><\/div><\/div><\/div><\/div><div class=\"wpb_column vc_column_container\"><div class=\"vc_column-inner\"><div class=\"w-vwrapper us_custom_d8cf8ecf align_center valign_top\"><div class=\"w-iconbox us_custom_8535c5f4 pop-up iconpos_top style_default color_primary align_center\"><div class=\"w-iconbox-icon\" style=\"font-size:3rem;\"><i class=\"fas fa-search\"><\/i><\/div><div class=\"w-iconbox-meta\"><h6 class=\"w-iconbox-title\">Keine Best\u00e4tigungsmail eingetroffen?<\/h6><div class=\"w-iconbox-text\"><p>Falls die Best\u00e4tigungsmail bei dir auch nach 5 Minuten noch nicht eingetroffen sein sollte, schaue in deinem Spam-Ordner nach.<\/p>\n<p>Falls du auch dort nicht f\u00fcndig werden solltest, dann schreibe uns an:<\/p>\n<\/div><\/div><\/div><div class=\"w-post-elm post_custom_field type_text option|impressum_mail\"><a href=\"mailto:info@hermes-institut.com\"><span class=\"w-post-elm-value\">info@hermes-institut.com<\/span><\/a><\/div><\/div><\/div><\/div><div class=\"wpb_column vc_column_container\"><div class=\"vc_column-inner\"><div class=\"w-vwrapper us_custom_d8cf8ecf align_center valign_top\"><div class=\"w-iconbox iconpos_top style_default color_custom align_center no_text\"><div class=\"w-iconbox-icon\" style=\"font-size:3rem;--icon-color:#25A3E1;\"><i class=\"fab fa-telegram\"><\/i><\/div><div class=\"w-iconbox-meta\"><h6 class=\"w-iconbox-title\">Infos &amp; Austausch<\/h6><\/div><\/div><div class=\"w-post-elm post_custom_field type_text option|community-einladung color_link_inherit\"><span class=\"w-post-elm-value\">Komm in den Hermes Institut Telegram-Kanal und erhalte alle Infos bequem auf dein Handy und tausche dich mit der Community aus:<\/span><\/div><div class=\"w-btn-wrapper align_none\"><a class=\"w-btn us-btn-style_8 icon_atright\" target=\"_blank\" href=\"https:\/\/t.me\/hermesinstitut\"><span class=\"w-btn-label\">Zum Telegram-Kanal<\/span><i class=\"fab fa-telegram\"><\/i><\/a><\/div><\/div><\/div><\/div><\/div><\/div><\/div><\/div><\/div><\/section>\n","protected":false},"excerpt":{"rendered":"Ein Schritt fehlt noch! Um deine Anmeldung abzuschlie\u00dfen, musst du nur noch deine E-Mail-Adresse best\u00e4tigen: \u00d6ffne die Best\u00e4tigungsmailBei dir sollte eine E-Mail eingetroffen sein. \u00d6ffne diese E-Mail und klicke auf den Link, um deine Anmeldung abzuschlie\u00dfen. Keine Best\u00e4tigungsmail eingetroffen?Falls die Best\u00e4tigungsmail bei dir auch nach 5 Minuten noch nicht eingetroffen sein sollte, schaue in deinem...","protected":false},"author":1,"featured_media":0,"parent":0,"menu_order":0,"comment_status":"closed","ping_status":"closed","template":"","meta":{"footnotes":""},"class_list":["post-2953","page","type-page","status-publish","hentry"],"acf":[],"_links":{"self":[{"href":"https:\/\/hermes-institut.com\/krisenkongress\/wp-json\/wp\/v2\/pages\/2953","targetHints":{"allow":["GET"]}}],"collection":[{"href":"https:\/\/hermes-institut.com\/krisenkongress\/wp-json\/wp\/v2\/pages"}],"about":[{"href":"https:\/\/hermes-institut.com\/krisenkongress\/wp-json\/wp\/v2\/types\/page"}],"author":[{"embeddable":true,"href":"https:\/\/hermes-institut.com\/krisenkongress\/wp-json\/wp\/v2\/users\/1"}],"replies":[{"embeddable":true,"href":"https:\/\/hermes-institut.com\/krisenkongress\/wp-json\/wp\/v2\/comments?post=2953"}],"version-history":[{"count":4,"href":"https:\/\/hermes-institut.com\/krisenkongress\/wp-json\/wp\/v2\/pages\/2953\/revisions"}],"predecessor-version":[{"id":4333,"href":"https:\/\/hermes-institut.com\/krisenkongress\/wp-json\/wp\/v2\/pages\/2953\/revisions\/4333"}],"wp:attachment":[{"href":"https:\/\/hermes-institut.com\/krisenkongress\/wp-json\/wp\/v2\/media?parent=2953"}],"curies":[{"name":"wp","href":"https:\/\/api.w.org\/{rel}","templated":true}]}}