{"id":21,"date":"2023-10-31T15:23:53","date_gmt":"2023-10-31T14:23:53","guid":{"rendered":"https:\/\/hermes-institut.com\/krisenkongress\/?page_id=21"},"modified":"2023-11-17T02:55:17","modified_gmt":"2023-11-17T01:55:17","slug":"impressum","status":"publish","type":"page","link":"https:\/\/hermes-institut.com\/krisenkongress\/impressum\/","title":{"rendered":"Impressum"},"content":{"rendered":"<section class=\"l-section wpb_row height_large\"><div class=\"l-section-h i-cf\"><div class=\"g-cols vc_row via_grid cols_1 laptops-cols_inherit tablets-cols_inherit mobiles-cols_1 valign_top type_default stacking_default\"><div class=\"wpb_column vc_column_container\"><div class=\"vc_column-inner\"><div class=\"wpb_text_column\"><div class=\"wpb_wrapper\"><h1 class=\"w-text\"><span class=\"w-text-h\"><span class=\"w-text-value\">Impressum<\/span><\/span><\/h1>\n<div class=\"w-separator size_small\"><\/div>\n<div class=\"wpb_text_column\">\n<div class=\"wpb_wrapper\">\n<h2>Angaben gem\u00e4\u00df \u00a7 5 TMG<\/h2>\n<\/div>\n<\/div>\n<\/div><\/div><div class=\"w-separator size_small\"><\/div><div class=\"w-post-elm post_custom_field us_custom_9de87d4e type_text option|impressum_name color_link_inherit\"><span class=\"w-post-elm-value\">Hermes Institut f\u00fcr private Bildung UG (haftungsbeschr\u00e4nkt)<\/span><\/div><div class=\"w-post-elm post_custom_field type_text option|impressum_anschrift color_link_inherit\"><p>Sitz der Gesellschaft: Hollmuthstr. 7\/1, 69151 Neckargem\u00fcnd<\/p>\n<p>Registergericht: Amtsgericht Mannheim<\/p>\n<p>Handelsregisternummer: HRB 744609<\/p>\n<p>Gesch\u00e4ftsf\u00fchrer: Johannes George Heim, Christian Johannes H\u00fcning<\/p>\n<\/div><div class=\"w-separator size_small\"><\/div><div class=\"wpb_text_column\"><div class=\"wpb_wrapper\"><div class=\"wpb_text_column\">\n<div class=\"wpb_wrapper\">\n<h2>Kontakt<\/h2>\n<\/div>\n<\/div>\n<\/div><\/div><div class=\"w-separator size_small\"><\/div><div class=\"w-post-elm post_custom_field type_text option|impressum_telefonnummer color_link_inherit\"><span class=\"w-post-elm-value\">+4915127078374<\/span><\/div><div class=\"w-post-elm post_custom_field type_text option|impressum_mail color_link_inherit\"><span class=\"w-post-elm-value\">info@hermes-institut.com<\/span><\/div><div class=\"w-separator size_small\"><\/div><div class=\"wpb_text_column\"><div class=\"wpb_wrapper\"><div class=\"wpb_text_column\">\n<div class=\"wpb_wrapper\">\n<h2>Verantwortlich f\u00fcr den Inhalt nach \u00a7 55 Abs. 2 RStV<\/h2>\n<\/div>\n<\/div>\n<\/div><\/div><div class=\"w-separator size_small\"><\/div><div class=\"w-post-elm post_custom_field type_text option|impressum_name color_link_inherit\"><span class=\"w-post-elm-value\">Hermes Institut f\u00fcr private Bildung UG (haftungsbeschr\u00e4nkt)<\/span><\/div><div class=\"w-separator size_small\"><\/div><div class=\"wpb_text_column\"><div class=\"wpb_wrapper\"><div class=\"wpb_text_column\">\n<div class=\"wpb_wrapper\">\n<h2>EU-Streitschlichtung<\/h2>\n<p>Die Europ\u00e4ische Kommission stellt eine Plattform zur Online-Streitbeilegung (OS) bereit:\u00a0<a href=\"https:\/\/ec.europa.eu\/consumers\/odr\" target=\"_blank\" rel=\"noopener noreferrer\">https:\/\/ec.europa.eu\/consumers\/odr<\/a>.<br \/>\nUnsere E-Mail-Adresse finden Sie oben im Impressum.<\/p>\n<\/div>\n<\/div>\n<\/div><\/div><\/div><\/div><\/div><\/div><\/section>\n","protected":false},"excerpt":{"rendered":"Impressum Angaben gem\u00e4\u00df \u00a7 5 TMG Hermes Institut f\u00fcr private Bildung UG (haftungsbeschr\u00e4nkt)Sitz der Gesellschaft: Hollmuthstr. 7\/1, 69151 Neckargem\u00fcnd Registergericht: Amtsgericht Mannheim Handelsregisternummer: HRB 744609 Gesch\u00e4ftsf\u00fchrer: Johannes George Heim, Christian Johannes H\u00fcning Kontakt +4915127078374info@hermes-institut.com Verantwortlich f\u00fcr den Inhalt nach \u00a7 55 Abs. 2 RStV Hermes Institut f\u00fcr private Bildung UG (haftungsbeschr\u00e4nkt) EU-Streitschlichtung Die Europ\u00e4ische Kommission...","protected":false},"author":1,"featured_media":0,"parent":0,"menu_order":0,"comment_status":"closed","ping_status":"closed","template":"","meta":{"footnotes":""},"class_list":["post-21","page","type-page","status-publish","hentry"],"acf":[],"_links":{"self":[{"href":"https:\/\/hermes-institut.com\/krisenkongress\/wp-json\/wp\/v2\/pages\/21","targetHints":{"allow":["GET"]}}],"collection":[{"href":"https:\/\/hermes-institut.com\/krisenkongress\/wp-json\/wp\/v2\/pages"}],"about":[{"href":"https:\/\/hermes-institut.com\/krisenkongress\/wp-json\/wp\/v2\/types\/page"}],"author":[{"embeddable":true,"href":"https:\/\/hermes-institut.com\/krisenkongress\/wp-json\/wp\/v2\/users\/1"}],"replies":[{"embeddable":true,"href":"https:\/\/hermes-institut.com\/krisenkongress\/wp-json\/wp\/v2\/comments?post=21"}],"version-history":[{"count":0,"href":"https:\/\/hermes-institut.com\/krisenkongress\/wp-json\/wp\/v2\/pages\/21\/revisions"}],"wp:attachment":[{"href":"https:\/\/hermes-institut.com\/krisenkongress\/wp-json\/wp\/v2\/media?parent=21"}],"curies":[{"name":"wp","href":"https:\/\/api.w.org\/{rel}","templated":true}]}}